{"id":3643,"date":"2025-10-27T15:11:55","date_gmt":"2025-10-27T14:11:55","guid":{"rendered":"https:\/\/pritjvalita.dk\/donacion\/"},"modified":"2026-03-31T09:32:50","modified_gmt":"2026-03-31T07:32:50","slug":"donacion","status":"publish","type":"page","link":"https:\/\/pritjvalita.dk\/es\/donacion\/","title":{"rendered":"Donaci\u00f3n"},"content":{"rendered":"\n<h3 class=\"wp-block-heading\">\u00bfPor qu\u00e9 donar?<\/h3>\n\n<p>Su donaci\u00f3n me ayuda a seguir ense\u00f1ando, impartir clases en l\u00ednea y publicar grabaciones.<\/p>\n\n<h3 class=\"wp-block-heading\">C\u00f3mo donar<\/h3>\n\n<ul class=\"wp-block-list\">\n<li><strong>MobilePay:<\/strong> 50478819 &#8211; el texto debe indicar a qu\u00e9 cubre el pago, como: donaci\u00f3n<\/li>\n\n\n\n<li><strong>Transferencia bancaria (Dinamarca \/ UE):<\/strong>\n<ul class=\"wp-block-list\">\n<li><strong>N\u00ba de registro:<\/strong> 6695 <strong>Cuenta:<\/strong> 2002865249<\/li>\n\n\n\n<li><strong>IBAN:<\/strong> DK4366952002865249<\/li>\n<\/ul>\n<\/li>\n\n\n\n<li><strong>PayPal \/ tarjeta:<\/strong> <a href=\"https:\/\/www.paypal.com\/ncp\/payment\/36SK8MKVNQN98\">donar a trav\u00e9s de PayPal\/tarjeta<\/a><\/li>\n<\/ul>\n\n<h3 class=\"wp-block-heading\">Apoyo mensual (opcional)<\/h3>\n\n<p>\u00bfPrefiere apoyar regularmente? Puede configurar una peque\u00f1a <strong>membres\u00eda mensual<\/strong> (donaci\u00f3n recurrente) aqu\u00ed: <\/p>\n\n<ul class=\"wp-block-list\">\n<li><strong>10 \u20ac \/ mes<\/strong><\/li>\n\n\n\n<li><strong>20 \u20ac \/ mes<\/strong><\/li>\n\n\n\n<li><strong>40 \u20ac \/ mes<\/strong><\/li>\n<\/ul>\n\n<p>\ud83d\udc49 <a href=\"https:\/\/pritjvalita.dk\/es\/suscripciones-y-cursos\/\">Ver los niveles de membres\u00eda e inscribirse<\/a><\/p>\n\n<p><em>Notas:<\/em> Se factura mensualmente en EUR, se renueva autom\u00e1ticamente; puede cancelar en cualquier momento desde su cuenta. El acceso para miembros incluye clases en l\u00ednea y la biblioteca de grabaciones. <\/p>\n\n<h3 class=\"wp-block-heading\">Recibos y transparencia<\/h3>\n\n<ul class=\"wp-block-list\">\n<li>Recibir\u00e1 una confirmaci\u00f3n por correo electr\u00f3nico si a\u00f1ade una nota con su correo electr\u00f3nico en la transferencia.<\/li>\n\n\n\n<li>La contabilidad se mantiene limpia y <strong>totalmente gravada<\/strong> de acuerdo con la legislaci\u00f3n danesa.<\/li>\n<\/ul>\n\n<h3 class=\"wp-block-heading\">Gracias<\/h3>\n\n<p>Su apoyo me ayuda a hacer que la meditaci\u00f3n pr\u00e1ctica y la Integraci\u00f3n Emocional est\u00e9n disponibles para m\u00e1s personas: sistemas nerviosos m\u00e1s tranquilos, mentes m\u00e1s claras, corazones m\u00e1s firmes. Gracias por formar parte de ello. \ud83d\ude4f<\/p>\n","protected":false},"excerpt":{"rendered":"<p>\u00bfPor qu\u00e9 donar? Su donaci\u00f3n me ayuda a seguir ense\u00f1ando, impartir clases en l\u00ednea y publicar grabaciones. C\u00f3mo donar Apoyo mensual (opcional) \u00bfPrefiere apoyar regularmente? Puede configurar una peque\u00f1a membres\u00eda&#8230;<\/p>\n","protected":false},"author":1,"featured_media":0,"parent":0,"menu_order":0,"comment_status":"closed","ping_status":"closed","template":"","meta":{"_bbp_topic_count":0,"_bbp_reply_count":0,"_bbp_total_topic_count":0,"_bbp_total_reply_count":0,"_bbp_voice_count":0,"_bbp_anonymous_reply_count":0,"_bbp_topic_count_hidden":0,"_bbp_reply_count_hidden":0,"_bbp_forum_subforum_count":0,"pmpro_default_level":"","_price":"","_stock":"","_tribe_ticket_header":"","_tribe_default_ticket_provider":"","_tribe_ticket_capacity":"0","_ticket_start_date":"","_ticket_end_date":"","_tribe_ticket_show_description":"","_tribe_ticket_show_not_going":false,"_tribe_ticket_use_global_stock":"","_tribe_ticket_global_stock_level":"","_global_stock_mode":"","_global_stock_cap":"","_tribe_rsvp_for_event":"","_tribe_ticket_going_count":"","_tribe_ticket_not_going_count":"","_tribe_tickets_list":"[]","_tribe_ticket_has_attendee_info_fields":false,"_EventAllDay":false,"_EventTimezone":"","_EventStartDate":"","_EventEndDate":"","_EventStartDateUTC":"","_EventEndDateUTC":"","_EventShowMap":false,"_EventShowMapLink":false,"_EventURL":"","_EventCost":"","_EventCostDescription":"","_EventCurrencySymbol":"","_EventCurrencyCode":"","_EventCurrencyPosition":"","_EventDateTimeSeparator":"","_EventTimeRangeSeparator":"","_EventOrganizerID":[],"_EventVenueID":[],"_OrganizerEmail":"","_OrganizerPhone":"","_OrganizerWebsite":"","_VenueAddress":"","_VenueCity":"","_VenueCountry":"","_VenueProvince":"","_VenueState":"","_VenueZip":"","_VenuePhone":"","_VenueURL":"","_VenueStateProvince":"","_VenueLat":"","_VenueLng":"","_VenueShowMap":false,"_VenueShowMapLink":false,"_kadence_starter_templates_imported_post":false,"_kad_post_transparent":"","_kad_post_title":"","_kad_post_layout":"","_kad_post_sidebar_id":"","_kad_post_content_style":"","_kad_post_vertical_padding":"","_kad_post_feature":"","_kad_post_feature_position":"","_kad_post_header":false,"_kad_post_footer":false,"_kad_post_classname":"","footnotes":"","_tec_slr_enabled":"","_tec_slr_layout":""},"class_list":["post-3643","page","type-page","status-publish","hentry","pmpro-has-access"],"ticketed":false,"_links":{"self":[{"href":"https:\/\/pritjvalita.dk\/es\/wp-json\/wp\/v2\/pages\/3643","targetHints":{"allow":["GET"]}}],"collection":[{"href":"https:\/\/pritjvalita.dk\/es\/wp-json\/wp\/v2\/pages"}],"about":[{"href":"https:\/\/pritjvalita.dk\/es\/wp-json\/wp\/v2\/types\/page"}],"author":[{"embeddable":true,"href":"https:\/\/pritjvalita.dk\/es\/wp-json\/wp\/v2\/users\/1"}],"replies":[{"embeddable":true,"href":"https:\/\/pritjvalita.dk\/es\/wp-json\/wp\/v2\/comments?post=3643"}],"version-history":[{"count":9,"href":"https:\/\/pritjvalita.dk\/es\/wp-json\/wp\/v2\/pages\/3643\/revisions"}],"predecessor-version":[{"id":4987,"href":"https:\/\/pritjvalita.dk\/es\/wp-json\/wp\/v2\/pages\/3643\/revisions\/4987"}],"wp:attachment":[{"href":"https:\/\/pritjvalita.dk\/es\/wp-json\/wp\/v2\/media?parent=3643"}],"curies":[{"name":"wp","href":"https:\/\/api.w.org\/{rel}","templated":true}]}}