{"id":3349,"date":"2020-11-26T17:25:12","date_gmt":"2020-11-26T16:25:12","guid":{"rendered":"https:\/\/pritjvalita.dk\/index.php\/biografia\/"},"modified":"2025-09-29T10:31:10","modified_gmt":"2025-09-29T08:31:10","slug":"biografia","status":"publish","type":"page","link":"https:\/\/pritjvalita.dk\/es\/biografia\/","title":{"rendered":"Biograf\u00eda"},"content":{"rendered":"\n<p>Hola<\/p>\n\n<p>Soy Prit Jvalita<\/p>\n\n<p>Desde que tengo uso de raz\u00f3n, he sido muy curioso, especialmente en lo que respecta a la autoexploraci\u00f3n y el desarrollo personal. Recuerdo haber le\u00eddo el primer libro sobre el tema cuando ten\u00eda 11 a\u00f1os. <\/p>\n\n<p>Mi trayectoria ha consistido en estudios personales continuos, 2 a\u00f1os de Taekwondo, 10 a\u00f1os como Testigo de Jehov\u00e1, 14 a\u00f1os de Ninjutsu, aprendiendo con Maha Vajra desde 2008. La mayor\u00eda de mis intereses me llevan a ense\u00f1arlos. As\u00ed que tuve mi propio dojo de artes marciales y he estado ense\u00f1ando meditaci\u00f3n desde que conect\u00e9 con Maha.  <\/p>\n\n<p>Paralelamente a esto, trabaj\u00e9 como desarrollador de software, me cas\u00e9, tuve 3 hijos, me divorci\u00e9, tuve una novia, tuve una desilusi\u00f3n amorosa. En general, intentando entender la vida. Supongo que tuve mis experiencias.  <\/p>\n\n<p>Lo que m\u00e1s me interesaba era c\u00f3mo funciona el mundo, c\u00f3mo funciono yo. Al principio, estaba muy interesado en obtener un modelo del mundo. Hoy, veo esto principalmente como un intento de controlar mi experiencia para disminuir mi miedo. Si s\u00e9 c\u00f3mo funciona todo, puedo estar a salvo.   <\/p>\n\n<p>Y, s\u00ed, hab\u00eda mucho miedo. Al principio de mis veinte a\u00f1os, ten\u00eda fobia social. He tartamudeado desde la primera infancia y en este per\u00edodo apenas pod\u00eda hablar.  <\/p>\n\n<p>La tartamudez siempre ha sido una fuente de dolor, pero tambi\u00e9n una fuente de motivaci\u00f3n. Nunca acept\u00e9 que gobernara mi vida. As\u00ed que desarroll\u00e9 mucho orgullo para ocultar mi dolor y poder actuar. Trabajando en m\u00ed mismo, siendo consciente y presente, rara vez tartamudeo cuando ense\u00f1o.   <\/p>\n\n<p>Cuando empec\u00e9 a trabajar con Maha, all\u00e1 por 2008, estaba muy interesado en Kuji-In. Hab\u00eda intentado encontrar buena informaci\u00f3n desde 1988, as\u00ed que estaba muy emocionado de encontrar a Maha y los libros que ha escrito sobre Kuji-In. Quer\u00eda Kuji-In por los efectos secundarios, las habilidades especiales, debido a mi inseguridad. Maha me orient\u00f3 principalmente hacia RIN y SHA. M\u00e1s tarde comprend\u00ed que era para que trabajara en mi miedo y mi orgullo.    <\/p>\n\n<p>Ampli\u00e9 mis estudios a pr\u00e1cticas budistas e hind\u00faes y, m\u00e1s tarde, a la C\u00e1bala. Hoy en d\u00eda, practico sobre todo ser humilde y consciente. <\/p>\n\n<p>Desde ni\u00f1o, siempre me ha gustado ayudar, ense\u00f1ar y apoyar a la gente. As\u00ed que, cuando empec\u00e9 a aprender con Maha, tambi\u00e9n empec\u00e9 a ense\u00f1arlo. Mucha orientaci\u00f3n personal, clases semanales, seminarios de fin de semana y tambi\u00e9n algunos retiros. Sigo haciendo esto y tambi\u00e9n he estado ense\u00f1ando en l\u00ednea durante algunos a\u00f1os. Mirando hacia atr\u00e1s, veo mi progresi\u00f3n a trav\u00e9s del salvador, el profesor y simplemente el cuidado.    <\/p>\n\n<p>As\u00ed que, esta ha sido una peque\u00f1a introducci\u00f3n sobre m\u00ed.<\/p>\n\n<p><\/p>\n","protected":false},"excerpt":{"rendered":"<p>Hola Soy Prit Jvalita Desde que tengo uso de raz\u00f3n, he sido muy curioso, especialmente en lo que respecta a la autoexploraci\u00f3n y el desarrollo personal. Recuerdo haber le\u00eddo el&#8230;<\/p>\n","protected":false},"author":1,"featured_media":0,"parent":0,"menu_order":0,"comment_status":"closed","ping_status":"closed","template":"","meta":{"_bbp_topic_count":0,"_bbp_reply_count":0,"_bbp_total_topic_count":0,"_bbp_total_reply_count":0,"_bbp_voice_count":0,"_bbp_anonymous_reply_count":0,"_bbp_topic_count_hidden":0,"_bbp_reply_count_hidden":0,"_bbp_forum_subforum_count":0,"pmpro_default_level":"","_price":"","_stock":"","_tribe_ticket_header":"","_tribe_default_ticket_provider":"","_tribe_ticket_capacity":"0","_ticket_start_date":"","_ticket_end_date":"","_tribe_ticket_show_description":"","_tribe_ticket_show_not_going":false,"_tribe_ticket_use_global_stock":"","_tribe_ticket_global_stock_level":"","_global_stock_mode":"","_global_stock_cap":"","_tribe_rsvp_for_event":"","_tribe_ticket_going_count":"","_tribe_ticket_not_going_count":"","_tribe_tickets_list":"[]","_tribe_ticket_has_attendee_info_fields":false,"_EventAllDay":false,"_EventTimezone":"","_EventStartDate":"","_EventEndDate":"","_EventStartDateUTC":"","_EventEndDateUTC":"","_EventShowMap":false,"_EventShowMapLink":false,"_EventURL":"","_EventCost":"","_EventCostDescription":"","_EventCurrencySymbol":"","_EventCurrencyCode":"","_EventCurrencyPosition":"","_EventDateTimeSeparator":"","_EventTimeRangeSeparator":"","_EventOrganizerID":[],"_EventVenueID":[],"_OrganizerEmail":"","_OrganizerPhone":"","_OrganizerWebsite":"","_VenueAddress":"","_VenueCity":"","_VenueCountry":"","_VenueProvince":"","_VenueState":"","_VenueZip":"","_VenuePhone":"","_VenueURL":"","_VenueStateProvince":"","_VenueLat":"","_VenueLng":"","_VenueShowMap":false,"_VenueShowMapLink":false,"_kadence_starter_templates_imported_post":false,"_kad_post_transparent":"","_kad_post_title":"","_kad_post_layout":"","_kad_post_sidebar_id":"","_kad_post_content_style":"","_kad_post_vertical_padding":"","_kad_post_feature":"","_kad_post_feature_position":"","_kad_post_header":false,"_kad_post_footer":false,"_kad_post_classname":"","footnotes":"","_tec_slr_enabled":"","_tec_slr_layout":""},"class_list":["post-3349","page","type-page","status-publish","hentry","pmpro-has-access"],"ticketed":false,"_links":{"self":[{"href":"https:\/\/pritjvalita.dk\/es\/wp-json\/wp\/v2\/pages\/3349","targetHints":{"allow":["GET"]}}],"collection":[{"href":"https:\/\/pritjvalita.dk\/es\/wp-json\/wp\/v2\/pages"}],"about":[{"href":"https:\/\/pritjvalita.dk\/es\/wp-json\/wp\/v2\/types\/page"}],"author":[{"embeddable":true,"href":"https:\/\/pritjvalita.dk\/es\/wp-json\/wp\/v2\/users\/1"}],"replies":[{"embeddable":true,"href":"https:\/\/pritjvalita.dk\/es\/wp-json\/wp\/v2\/comments?post=3349"}],"version-history":[{"count":1,"href":"https:\/\/pritjvalita.dk\/es\/wp-json\/wp\/v2\/pages\/3349\/revisions"}],"predecessor-version":[{"id":3350,"href":"https:\/\/pritjvalita.dk\/es\/wp-json\/wp\/v2\/pages\/3349\/revisions\/3350"}],"wp:attachment":[{"href":"https:\/\/pritjvalita.dk\/es\/wp-json\/wp\/v2\/media?parent=3349"}],"curies":[{"name":"wp","href":"https:\/\/api.w.org\/{rel}","templated":true}]}}