{"id":3351,"date":"2020-11-26T17:25:12","date_gmt":"2020-11-26T16:25:12","guid":{"rendered":"https:\/\/pritjvalita.dk\/index.php\/biografi\/"},"modified":"2025-09-29T10:31:10","modified_gmt":"2025-09-29T08:31:10","slug":"biografi","status":"publish","type":"page","link":"https:\/\/pritjvalita.dk\/da\/biografi\/","title":{"rendered":"Biografi"},"content":{"rendered":"\n<p>Hej<\/p>\n\n<p>Jeg er Prit Jvalita<\/p>\n\n<p>S\u00e5 langt tilbage jeg kan huske, har jeg v\u00e6ret meget nysgerrig, is\u00e6r omkring selvudforskning og personlig udvikling. Jeg husker, at jeg l\u00e6ste den f\u00f8rste bog om emnet, da jeg var 11 \u00e5r gammel.<\/p>\n\n<p>Min vej har best\u00e5et af l\u00f8bende personlige studier, 2 \u00e5r med Taekwondo, 10 \u00e5r som Jehovas Vidne, 14 \u00e5r med Ninjutsu, og l\u00e6ring med Maha Vajra siden 2008. De fleste af mine interesser har f\u00f8rt mig til at undervise i dem. S\u00e5 jeg havde min egen kampsports dojo og har undervist i meditation, siden jeg kom i kontakt med Maha.<\/p>\n\n<p>Parallelt med dette arbejdede jeg som softwareudvikler, blev gift, fik 3 b\u00f8rn, blev skilt, havde en k\u00e6reste, oplevede hjertesorg. Generelt fors\u00f8gte jeg at finde ud af livet. Jeg tror, jeg har haft mine erfaringer.<\/p>\n\n<p>Det, der interesserede mig mest, var hvordan verden fungerer, hvordan jeg fungerer. I begyndelsen var jeg meget interesseret i at opn\u00e5 en model af verden. I dag ser jeg dette mest som et fors\u00f8g p\u00e5 at kontrollere min oplevelse for at mindske min frygt. Hvis jeg ved, hvordan alt fungerer, kan jeg v\u00e6re tryg.<\/p>\n\n<p>Og ja, der var meget frygt. I mine tidlige tyvere havde jeg social fobi. Jeg har stammet siden den tidlige barndom, og i denne periode var jeg knap nok i stand til at tale.<\/p>\n\n<p>Stammen har altid v\u00e6ret en kilde til smerte, men ogs\u00e5 en kilde til motivation. Jeg accepterede aldrig, at det skulle styre mit liv. S\u00e5 jeg udviklede en masse stolthed for at skjule min smerte for at kunne pr\u00e6stere. Ved at arbejde med mig selv, v\u00e6re bevidst og n\u00e6rv\u00e6rende, stammer jeg sj\u00e6ldent, n\u00e5r jeg underviser.<\/p>\n\n<p>Da jeg begyndte at arbejde med Maha tilbage i 2008, var jeg meget interesseret i Kuji-In. Jeg havde fors\u00f8gt at finde god information siden 1988, s\u00e5 jeg var meget begejstret for at finde Maha og de b\u00f8ger, han har skrevet om Kuji-In. Jeg \u00f8nskede Kuji-In for bivirkningerne, de s\u00e6rlige evner, p\u00e5 grund af min usikkerhed. Maha pegede mig prim\u00e6rt mod RIN og SHA. Senere forstod jeg, at det var for at jeg skulle arbejde med min frygt og stolthed.<\/p>\n\n<p>Jeg udvidede mine studier til buddhistiske og hinduistiske praksisser og senere til Kabbalah. I dag praktiserer jeg mest at v\u00e6re ydmyg og bevidst.<\/p>\n\n<p>Siden barndommen har jeg altid godt kunnet lide at hj\u00e6lpe, undervise og st\u00f8tte mennesker. S\u00e5 da jeg begyndte at l\u00e6re med Maha, begyndte jeg ogs\u00e5 at undervise i det. Meget personlig vejledning, ugentlige klasser, weekendseminarer og ogs\u00e5 nogle f\u00e5 retreats. Jeg forts\u00e6tter med dette og har ogs\u00e5 undervist online i nogle \u00e5r. N\u00e5r jeg ser tilbage, ser jeg min progression gennem frelseren, l\u00e6reren og blot at v\u00e6re omsorgsfuld.<\/p>\n\n<p>S\u00e5 dette var en lille introduktion til mig.<\/p>\n\n<p><\/p>\n","protected":false},"excerpt":{"rendered":"<p>Hej Jeg er Prit Jvalita S\u00e5 langt tilbage jeg kan huske, har jeg v\u00e6ret meget nysgerrig, is\u00e6r omkring selvudforskning og personlig udvikling. Jeg husker, at jeg l\u00e6ste den f\u00f8rste bog&#8230;<\/p>\n","protected":false},"author":1,"featured_media":0,"parent":0,"menu_order":0,"comment_status":"closed","ping_status":"closed","template":"","meta":{"_bbp_topic_count":0,"_bbp_reply_count":0,"_bbp_total_topic_count":0,"_bbp_total_reply_count":0,"_bbp_voice_count":0,"_bbp_anonymous_reply_count":0,"_bbp_topic_count_hidden":0,"_bbp_reply_count_hidden":0,"_bbp_forum_subforum_count":0,"pmpro_default_level":"","_price":"","_stock":"","_tribe_ticket_header":"","_tribe_default_ticket_provider":"","_tribe_ticket_capacity":"0","_ticket_start_date":"","_ticket_end_date":"","_tribe_ticket_show_description":"","_tribe_ticket_show_not_going":false,"_tribe_ticket_use_global_stock":"","_tribe_ticket_global_stock_level":"","_global_stock_mode":"","_global_stock_cap":"","_tribe_rsvp_for_event":"","_tribe_ticket_going_count":"","_tribe_ticket_not_going_count":"","_tribe_tickets_list":"[]","_tribe_ticket_has_attendee_info_fields":false,"_EventAllDay":false,"_EventTimezone":"","_EventStartDate":"","_EventEndDate":"","_EventStartDateUTC":"","_EventEndDateUTC":"","_EventShowMap":false,"_EventShowMapLink":false,"_EventURL":"","_EventCost":"","_EventCostDescription":"","_EventCurrencySymbol":"","_EventCurrencyCode":"","_EventCurrencyPosition":"","_EventDateTimeSeparator":"","_EventTimeRangeSeparator":"","_EventOrganizerID":[],"_EventVenueID":[],"_OrganizerEmail":"","_OrganizerPhone":"","_OrganizerWebsite":"","_VenueAddress":"","_VenueCity":"","_VenueCountry":"","_VenueProvince":"","_VenueState":"","_VenueZip":"","_VenuePhone":"","_VenueURL":"","_VenueStateProvince":"","_VenueLat":"","_VenueLng":"","_VenueShowMap":false,"_VenueShowMapLink":false,"_kadence_starter_templates_imported_post":false,"_kad_post_transparent":"","_kad_post_title":"","_kad_post_layout":"","_kad_post_sidebar_id":"","_kad_post_content_style":"","_kad_post_vertical_padding":"","_kad_post_feature":"","_kad_post_feature_position":"","_kad_post_header":false,"_kad_post_footer":false,"_kad_post_classname":"","footnotes":"","_tec_slr_enabled":"","_tec_slr_layout":""},"class_list":["post-3351","page","type-page","status-publish","hentry","pmpro-has-access"],"ticketed":false,"_links":{"self":[{"href":"https:\/\/pritjvalita.dk\/da\/wp-json\/wp\/v2\/pages\/3351","targetHints":{"allow":["GET"]}}],"collection":[{"href":"https:\/\/pritjvalita.dk\/da\/wp-json\/wp\/v2\/pages"}],"about":[{"href":"https:\/\/pritjvalita.dk\/da\/wp-json\/wp\/v2\/types\/page"}],"author":[{"embeddable":true,"href":"https:\/\/pritjvalita.dk\/da\/wp-json\/wp\/v2\/users\/1"}],"replies":[{"embeddable":true,"href":"https:\/\/pritjvalita.dk\/da\/wp-json\/wp\/v2\/comments?post=3351"}],"version-history":[{"count":1,"href":"https:\/\/pritjvalita.dk\/da\/wp-json\/wp\/v2\/pages\/3351\/revisions"}],"predecessor-version":[{"id":3352,"href":"https:\/\/pritjvalita.dk\/da\/wp-json\/wp\/v2\/pages\/3351\/revisions\/3352"}],"wp:attachment":[{"href":"https:\/\/pritjvalita.dk\/da\/wp-json\/wp\/v2\/media?parent=3351"}],"curies":[{"name":"wp","href":"https:\/\/api.w.org\/{rel}","templated":true}]}}